{"id":5435,"date":"2024-11-29T12:02:40","date_gmt":"2024-11-29T05:02:40","guid":{"rendered":"https:\/\/emotionguitars.com\/?post_type=product&#038;p=5435"},"modified":"2025-04-27T01:11:58","modified_gmt":"2025-04-26T18:11:58","slug":"masaru-kohno-special-1992-like-new","status":"publish","type":"product","link":"https:\/\/emotionguitars.com\/en\/product\/masaru-kohno-special-1992-like-new\/","title":{"rendered":"Masaru Kohno Special &#8211; 1992 (like new)"},"content":{"rendered":"<p>C\u00e2y \u0111\u00e0n \u201c\u00c1 h\u1eadu\u201d th\u1eddi \u0111i\u1ec3m \u0111\u00f3 c\u1ee7a h\u00e3ng \u0111\u1eb7c bi\u1ec7t b\u1edfi \u0111\u1ed9 m\u1edbi g\u1ea7n nh\u01b0 100% v\u00e0 ch\u01b0a h\u1ec1 qua ch\u1ec9nh s\u1eeda, nguy\u00ean b\u1ea3n tuy\u1ec7t \u0111\u1ed1i. H\u01a1n n\u1eefa, c\u00e2y \u0111\u00e0n n\u00e0y c\u00f3 scale (\u0111\u1ed9 d\u00e0i c\u1ea7n) 650mm th\u00e0y v\u00ec c\u00e1c b\u1ea3n 640mm th\u01b0\u1eddng g\u1eb7p t\u1ea1i VN.<br \/>\n\u00c2m thanh c\u1ee7a c\u00e2y \u0111\u00e0n mang \u0111\u00fang t\u00ednh c\u00e1ch tr\u1ea7m m\u1eb7c v\u00e0 sang tr\u1ecdng c\u1ee7a Masaru Kohno &#8211; ngh\u1ec7 nh\u00e2n n\u1ed5i ti\u1ebfng nh\u1ea5t trong l\u1ecbch s\u1eed l\u00e0m \u0111\u00e0n c\u1ee7a Nh\u1eadt.<\/p>","protected":false},"excerpt":{"rendered":"<p>C\u00e2y \u0111\u00e0n \u201c\u00c1 h\u1eadu\u201d th\u1eddi \u0111i\u1ec3m \u0111\u00f3 c\u1ee7a h\u00e3ng \u0111\u1eb7c bi\u1ec7t b\u1edfi \u0111\u1ed9 m\u1edbi g\u1ea7n nh\u01b0 100% v\u00e0 ch\u01b0a h\u1ec1 qua ch\u1ec9nh s\u1eeda, nguy\u00ean b\u1ea3n tuy\u1ec7t \u0111\u1ed1i. H\u01a1n n\u1eefa, c\u00e2y \u0111\u00e0n n\u00e0y c\u00f3 scale (\u0111\u1ed9 d\u00e0i c\u1ea7n) 650mm th\u00e0y v\u00ec c\u00e1c b\u1ea3n 640mm th\u01b0\u1eddng g\u1eb7p t\u1ea1i VN. \u00c2m thanh c\u1ee7a c\u00e2y \u0111\u00e0n mang \u0111\u00fang t\u00ednh&#8230;<\/p>","protected":false},"featured_media":5436,"template":"","meta":[],"product_cat":[20,25,213],"product_tag":[],"class_list":["post-5435","product","type-product","status-publish","has-post-thumbnail","hentry","product_cat-dan-guitar","product_cat-sakurai-kohno","product_cat-dan-cao-cap"],"_links":{"self":[{"href":"https:\/\/emotionguitars.com\/en\/wp-json\/wp\/v2\/product\/5435","targetHints":{"allow":["GET"]}}],"collection":[{"href":"https:\/\/emotionguitars.com\/en\/wp-json\/wp\/v2\/product"}],"about":[{"href":"https:\/\/emotionguitars.com\/en\/wp-json\/wp\/v2\/types\/product"}],"wp:featuredmedia":[{"embeddable":true,"href":"https:\/\/emotionguitars.com\/en\/wp-json\/wp\/v2\/media\/5436"}],"wp:attachment":[{"href":"https:\/\/emotionguitars.com\/en\/wp-json\/wp\/v2\/media?parent=5435"}],"wp:term":[{"taxonomy":"product_cat","embeddable":true,"href":"https:\/\/emotionguitars.com\/en\/wp-json\/wp\/v2\/product_cat?post=5435"},{"taxonomy":"product_tag","embeddable":true,"href":"https:\/\/emotionguitars.com\/en\/wp-json\/wp\/v2\/product_tag?post=5435"}],"curies":[{"name":"wp","href":"https:\/\/api.w.org\/{rel}","templated":true}]}}