{"id":5450,"date":"2024-12-05T09:17:27","date_gmt":"2024-12-05T02:17:27","guid":{"rendered":"https:\/\/emotionguitars.com\/?post_type=product&#038;p=5450"},"modified":"2025-04-29T23:58:34","modified_gmt":"2025-04-29T16:58:34","slug":"mitsuru-tamura-no-2000-1976-good","status":"publish","type":"product","link":"https:\/\/emotionguitars.com\/en\/product\/mitsuru-tamura-no-2000-1976-good\/","title":{"rendered":"Mitsuru Tamura no.2000 &#8211; 1976 (good)"},"content":{"rendered":"<p>B\u00ean c\u1ea1nh nh\u1eefng th\u01b0\u01a1ng hi\u1ec7u n\u1ed5i ti\u1ebfng b\u1eadc nh\u1ea5t \u1edf Nh\u1eadt nh\u01b0 Masaru Kohno, Masaki Sakurai, Yamaha, Sakazo Nakade\u2026 th\u00ec Mitsuru Tamura c\u0169ng \u0111\u01b0\u1ee3c bi\u1ebft \u0111\u1ebfn l\u00e0 ngh\u1ec7 nh\u00e2n c\u00f3 t\u1ea7m \u1ea3nh h\u01b0\u1edfng s\u00e2u r\u1ed9ng trong gi\u1edbi l\u00e0m \u0111\u00e0n guitar.<br \/>\nC\u00e2y \u0111\u00e0n no.2000 l\u00e0 t\u00f4 model c\u1ee7a h\u00e3ng n\u0103m 1976. \u00c2m thanh clear v\u00e0 d\u1ec5 ch\u1ecbu, b\u00ean c\u1ea1nh \u0111\u00f3 l\u00e0 b\u1ed9 g\u1ed7 Jacaranda r\u1ea5t \u0111\u1eb9p v\u00e0 qu\u00fd hi\u1ebfm \u1edf th\u1eddi \u0111i\u1ec3m b\u00e2y gi\u1edd.<\/p>","protected":false},"excerpt":{"rendered":"<p>B\u00ean c\u1ea1nh nh\u1eefng th\u01b0\u01a1ng hi\u1ec7u n\u1ed5i ti\u1ebfng b\u1eadc nh\u1ea5t \u1edf Nh\u1eadt nh\u01b0 Masaru Kohno, Masaki Sakurai, Yamaha, Sakazo Nakade\u2026 th\u00ec Mitsuru Tamura c\u0169ng \u0111\u01b0\u1ee3c bi\u1ebft \u0111\u1ebfn l\u00e0 ngh\u1ec7 nh\u00e2n c\u00f3 t\u1ea7m \u1ea3nh h\u01b0\u1edfng s\u00e2u r\u1ed9ng trong gi\u1edbi l\u00e0m \u0111\u00e0n guitar. C\u00e2y \u0111\u00e0n no.2000 l\u00e0 t\u00f4 model c\u1ee7a h\u00e3ng n\u0103m 1976. \u00c2m thanh clear v\u00e0 d\u1ec5&#8230;<\/p>","protected":false},"featured_media":5451,"template":"","meta":[],"product_cat":[533,20,213],"product_tag":[],"class_list":["post-5450","product","type-product","status-publish","has-post-thumbnail","hentry","product_cat-luxury","product_cat-dan-guitar","product_cat-dan-cao-cap"],"_links":{"self":[{"href":"https:\/\/emotionguitars.com\/en\/wp-json\/wp\/v2\/product\/5450","targetHints":{"allow":["GET"]}}],"collection":[{"href":"https:\/\/emotionguitars.com\/en\/wp-json\/wp\/v2\/product"}],"about":[{"href":"https:\/\/emotionguitars.com\/en\/wp-json\/wp\/v2\/types\/product"}],"wp:featuredmedia":[{"embeddable":true,"href":"https:\/\/emotionguitars.com\/en\/wp-json\/wp\/v2\/media\/5451"}],"wp:attachment":[{"href":"https:\/\/emotionguitars.com\/en\/wp-json\/wp\/v2\/media?parent=5450"}],"wp:term":[{"taxonomy":"product_cat","embeddable":true,"href":"https:\/\/emotionguitars.com\/en\/wp-json\/wp\/v2\/product_cat?post=5450"},{"taxonomy":"product_tag","embeddable":true,"href":"https:\/\/emotionguitars.com\/en\/wp-json\/wp\/v2\/product_tag?post=5450"}],"curies":[{"name":"wp","href":"https:\/\/api.w.org\/{rel}","templated":true}]}}