{"id":5458,"date":"2024-12-21T00:13:20","date_gmt":"2024-12-20T17:13:20","guid":{"rendered":"https:\/\/emotionguitars.com\/?post_type=product&#038;p=5458"},"modified":"2025-04-29T23:26:16","modified_gmt":"2025-04-29T16:26:16","slug":"jose-ramirez-cut-2-2024-new","status":"publish","type":"product","link":"https:\/\/emotionguitars.com\/en\/product\/jose-ramirez-cut-2-2024-new\/","title":{"rendered":"Jose Ramirez Cut 2 &#8211; 2024 (New)"},"content":{"rendered":"<p>Jose Ramirez l\u00e0 h\u00e3ng \u0111\u00e0n truy\u1ec1n th\u1ed1ng n\u1ed5i ti\u1ebfng trong Top \u0111\u1ea7u t\u00e0i T\u00e2y Ban Nha. V\u1edbi th\u00e0nh t\u1ef1u quan tr\u1ecdng khi l\u00e0 h\u00e3ng \u0111\u00e0n \u0111\u00e2u ti\u00ean s\u1eed d\u1ee5ng g\u1ed7 Cedaz \u0111\u1ecf \u0111\u1ec3 l\u00e0m m\u1eb7t Top cho guitar classic. Ngo\u00e0i ra, \u0111\u00e2y c\u00f2n l\u00e0 h\u00e3ng \u0111\u00e0n \u0111\u01b0\u1ee3c ngh\u1ec7 s\u0129 Andres Segovia s\u1eed d\u1ee5ng trong ph\u1ea7n l\u1edbn s\u1ef1 nghi\u1ec7p c\u1ee7a m\u00ecnh.<br \/>\nEmotion Guitar vinh d\u1ef1 khi l\u00e0 \u0111\u1ea1i l\u00fd ch\u00ednh th\u1ee9c c\u1ee7a Jose Ramirez t\u1ea1i Vi\u1ec7t Nam.<\/p>\n<p>C\u00e2y \u0111\u00e0n Cut 2 n\u00e0y l\u00e0 m\u1eabu \u0111\u00e0n m\u1edbi \u0111\u01b0\u1ee3c thi\u1ebft k\u1ebf trong v\u00e0i ba n\u0103m tr\u1edf l\u1ea1i \u0111\u00e2y v\u1edbi nh\u1eefng \u01b0u \u0111i\u1ec3m \u0111\u00e1ng kinh ng\u1ea1c.<br \/>\nNgo\u1ea1i h\u00ecnh manh h\u01a1i h\u01b0\u1edbng c\u1ed5 \u0111i\u1ec3n pha nh\u01b0ng ph\u1ea3ng ph\u1ea5t v\u1ebb hi\u1ec7n \u0111\u1ea1i, n\u0103ng \u0111\u1ed9ng nh\u01b0ng r\u1ea5t \u1ea5m \u00e1p. \u00c2m m\u1ed9c c\u1ee7a model Cut 2 \u0111\u0129nh \u0111\u1ea1c, tinh t\u1ebf v\u00e0 ho\u00e0n to\u00e0n mang h\u01b0\u01a1ng v\u1ecb classic truy\u1ec1n th\u1ed1ng T\u00e2y Ban Nha. B\u1ed9 EQ Pro Blend c\u1ee7a Fishman \u0111\u01b0\u1ee3c t\u00edch h\u1ee3p s\u1eb5n t\u1ea1o n\u00ean s\u1ef1 \u1ea5n t\u01b0\u1ee3ng khi s\u1eed d\u1ee5ng qua h\u1ec7 th\u1ed1ng Amly.<\/p>","protected":false},"excerpt":{"rendered":"<p>Jose Ramirez l\u00e0 h\u00e3ng \u0111\u00e0n truy\u1ec1n th\u1ed1ng n\u1ed5i ti\u1ebfng trong Top \u0111\u1ea7u t\u00e0i T\u00e2y Ban Nha. V\u1edbi th\u00e0nh t\u1ef1u quan tr\u1ecdng khi l\u00e0 h\u00e3ng \u0111\u00e0n \u0111\u00e2u ti\u00ean s\u1eed d\u1ee5ng g\u1ed7 Cedaz \u0111\u1ecf \u0111\u1ec3 l\u00e0m m\u1eb7t Top cho guitar classic. Ngo\u00e0i ra, \u0111\u00e2y c\u00f2n l\u00e0 h\u00e3ng \u0111\u00e0n \u0111\u01b0\u1ee3c ngh\u1ec7 s\u0129 Andres Segovia s\u1eed d\u1ee5ng trong ph\u1ea7n&#8230;<\/p>","protected":false},"featured_media":5459,"template":"","meta":[],"product_cat":[20,28,213],"product_tag":[],"class_list":["post-5458","product","type-product","status-publish","has-post-thumbnail","hentry","product_cat-dan-guitar","product_cat-ramirez-guitar","product_cat-dan-cao-cap"],"_links":{"self":[{"href":"https:\/\/emotionguitars.com\/en\/wp-json\/wp\/v2\/product\/5458","targetHints":{"allow":["GET"]}}],"collection":[{"href":"https:\/\/emotionguitars.com\/en\/wp-json\/wp\/v2\/product"}],"about":[{"href":"https:\/\/emotionguitars.com\/en\/wp-json\/wp\/v2\/types\/product"}],"wp:featuredmedia":[{"embeddable":true,"href":"https:\/\/emotionguitars.com\/en\/wp-json\/wp\/v2\/media\/5459"}],"wp:attachment":[{"href":"https:\/\/emotionguitars.com\/en\/wp-json\/wp\/v2\/media?parent=5458"}],"wp:term":[{"taxonomy":"product_cat","embeddable":true,"href":"https:\/\/emotionguitars.com\/en\/wp-json\/wp\/v2\/product_cat?post=5458"},{"taxonomy":"product_tag","embeddable":true,"href":"https:\/\/emotionguitars.com\/en\/wp-json\/wp\/v2\/product_tag?post=5458"}],"curies":[{"name":"wp","href":"https:\/\/api.w.org\/{rel}","templated":true}]}}