{"id":5468,"date":"2024-12-21T00:20:47","date_gmt":"2024-12-20T17:20:47","guid":{"rendered":"https:\/\/emotionguitars.com\/?post_type=product&#038;p=5468"},"modified":"2025-04-29T23:26:30","modified_gmt":"2025-04-29T16:26:30","slug":"jose-ramirez-studio-3-2024-new","status":"publish","type":"product","link":"https:\/\/emotionguitars.com\/en\/product\/jose-ramirez-studio-3-2024-new\/","title":{"rendered":"Jose Ramirez Studio 3 &#8211; 2024 (New)"},"content":{"rendered":"<p>Jose Ramirez l\u00e0 h\u00e3ng \u0111\u00e0n truy\u1ec1n th\u1ed1ng n\u1ed5i ti\u1ebfng trong Top \u0111\u1ea7u t\u00e0i T\u00e2y Ban Nha. V\u1edbi th\u00e0nh t\u1ef1u quan tr\u1ecdng khi l\u00e0 h\u00e3ng \u0111\u00e0n \u0111\u00e2u ti\u00ean s\u1eed d\u1ee5ng g\u1ed7 Cedaz \u0111\u1ecf \u0111\u1ec3 l\u00e0m m\u1eb7t Top cho guitar classic. Ngo\u00e0i ra, \u0111\u00e2y c\u00f2n l\u00e0 h\u00e3ng \u0111\u00e0n \u0111\u01b0\u1ee3c ngh\u1ec7 s\u0129 Andres Segovia s\u1eed d\u1ee5ng trong ph\u1ea7n l\u1edbn s\u1ef1 nghi\u1ec7p c\u1ee7a m\u00ecnh.<br \/>\nHi\u1ec7n nay, t\u1ea5t c\u1ea3 c\u00e1c m\u1eabu \u0111\u00e0n Jose Ramirez \u0111\u1ec1u \u0111\u01b0\u1ee3c th\u1ef1c hi\u1ec7n ho\u00e0n to\u00e0n t\u1ea1i x\u01b0\u1edfng c\u1ee7a h\u1ecd t\u1ea1i Madrid thay v\u00ec gia c\u00f4ng \u1edf m\u1ed9t s\u1ed1 x\u01b0\u1edfng c\u1ee7a Ahambra hay Raimundo\u2026 nh\u01b0 m\u1ed9t s\u1ed1 n\u0103m tr\u1edf v\u1ec1 tr\u01b0\u1edbc.<br \/>\nEmotion Guitar vinh d\u1ef1 khi l\u00e0 \u0111\u1ea1i l\u00fd ch\u00ednh th\u1ee9c c\u1ee7a Jose Ramirez t\u1ea1i Vi\u1ec7t Nam.<br \/>\nStudio 3 l\u00e0 m\u1eabu cao nh\u00e1t c\u1ee7a d\u00f2ng Etude, v\u1edbi \u00e2m thanh r\u1ea5t tinh t\u1ebf v\u00e0 ho\u00e0n to\u00e0n kh\u00f4ng thua k\u00e9m c\u00e1c m\u1eabu Top model c\u1ee7a nhi\u1ec1u h\u00e3ng kh\u00e1c. \u0110i\u1ec3m c\u1ed9ng c\u1ee7a Studio 3 l\u00e0 s\u1ef1 th\u00e2n thi\u1ec7n c\u00f9ng m\u00e0u \u00e2m v\u00f4 c\u00f9ng \u0111a d\u1ea1ng, kh\u1ea3 n\u0103ng lan to\u1ea3 \u0111\u1ed9 xi\u1ebft \u1ea5n t\u01b0\u1ee3ng c\u1ee7a d\u1ea3i treble.<\/p>","protected":false},"excerpt":{"rendered":"<p>Jose Ramirez l\u00e0 h\u00e3ng \u0111\u00e0n truy\u1ec1n th\u1ed1ng n\u1ed5i ti\u1ebfng trong Top \u0111\u1ea7u t\u00e0i T\u00e2y Ban Nha. V\u1edbi th\u00e0nh t\u1ef1u quan tr\u1ecdng khi l\u00e0 h\u00e3ng \u0111\u00e0n \u0111\u00e2u ti\u00ean s\u1eed d\u1ee5ng g\u1ed7 Cedaz \u0111\u1ecf \u0111\u1ec3 l\u00e0m m\u1eb7t Top cho guitar classic. Ngo\u00e0i ra, \u0111\u00e2y c\u00f2n l\u00e0 h\u00e3ng \u0111\u00e0n \u0111\u01b0\u1ee3c ngh\u1ec7 s\u0129 Andres Segovia s\u1eed d\u1ee5ng trong ph\u1ea7n&#8230;<\/p>","protected":false},"featured_media":5469,"template":"","meta":[],"product_cat":[20,28,213],"product_tag":[],"class_list":["post-5468","product","type-product","status-publish","has-post-thumbnail","hentry","product_cat-dan-guitar","product_cat-ramirez-guitar","product_cat-dan-cao-cap"],"_links":{"self":[{"href":"https:\/\/emotionguitars.com\/en\/wp-json\/wp\/v2\/product\/5468","targetHints":{"allow":["GET"]}}],"collection":[{"href":"https:\/\/emotionguitars.com\/en\/wp-json\/wp\/v2\/product"}],"about":[{"href":"https:\/\/emotionguitars.com\/en\/wp-json\/wp\/v2\/types\/product"}],"wp:featuredmedia":[{"embeddable":true,"href":"https:\/\/emotionguitars.com\/en\/wp-json\/wp\/v2\/media\/5469"}],"wp:attachment":[{"href":"https:\/\/emotionguitars.com\/en\/wp-json\/wp\/v2\/media?parent=5468"}],"wp:term":[{"taxonomy":"product_cat","embeddable":true,"href":"https:\/\/emotionguitars.com\/en\/wp-json\/wp\/v2\/product_cat?post=5468"},{"taxonomy":"product_tag","embeddable":true,"href":"https:\/\/emotionguitars.com\/en\/wp-json\/wp\/v2\/product_tag?post=5468"}],"curies":[{"name":"wp","href":"https:\/\/api.w.org\/{rel}","templated":true}]}}