{"id":5475,"date":"2024-12-31T18:43:46","date_gmt":"2024-12-31T11:43:46","guid":{"rendered":"https:\/\/emotionguitars.com\/?post_type=product&#038;p=5475"},"modified":"2025-04-29T23:26:42","modified_gmt":"2025-04-29T16:26:42","slug":"jose-ramirez-tiempo-2024-new","status":"publish","type":"product","link":"https:\/\/emotionguitars.com\/en\/product\/jose-ramirez-tiempo-2024-new\/","title":{"rendered":"Jose Ramirez Tiempo &#8211; 2024 (New)"},"content":{"rendered":"<p>\u0110\u00e2y l\u00e0 m\u1eabu k\u1ef7 ni\u1ec7m 135 n\u0103m c\u1ee7a h\u00e3ng Jose Ramirez v\u1edbi trang tr\u00ed h\u1ecda ti\u1ebft r\u1ea5t \u0111\u1eb7c s\u1eafc c\u1ee7a Amelia &#8211; n\u1eef luthier th\u1ebf h\u1ec7 th\u1ee9 5 c\u1ee7a nh\u00e0 Ramirez.<br \/>\n\u00c2m thanh c\u00e2y \u0111\u00e0n c\u00f3 s\u1ee9c l\u00f4i cu\u1ed1n v\u00e0 n\u00f3ng b\u1ecfng \u0111\u1eadm ch\u1ea5t T\u00e2y Ban Nha truy\u1ec1n th\u1ed1ng. C\u00e2y \u0111\u00e0n r\u1ea5t th\u00e2n thi\u1ec7n v\u00e0 d\u1ec5 ch\u01a1i.<\/p>","protected":false},"excerpt":{"rendered":"<p>\u0110\u00e2y l\u00e0 m\u1eabu k\u1ef7 ni\u1ec7m 135 n\u0103m c\u1ee7a h\u00e3ng Jose Ramirez v\u1edbi trang tr\u00ed h\u1ecda ti\u1ebft r\u1ea5t \u0111\u1eb7c s\u1eafc c\u1ee7a Amelia &#8211; n\u1eef luthier th\u1ebf h\u1ec7 th\u1ee9 5 c\u1ee7a nh\u00e0 Ramirez. \u00c2m thanh c\u00e2y \u0111\u00e0n c\u00f3 s\u1ee9c l\u00f4i cu\u1ed1n v\u00e0 n\u00f3ng b\u1ecfng \u0111\u1eadm ch\u1ea5t T\u00e2y Ban Nha truy\u1ec1n th\u1ed1ng. C\u00e2y \u0111\u00e0n r\u1ea5t th\u00e2n thi\u1ec7n v\u00e0&#8230;<\/p>","protected":false},"featured_media":5476,"template":"","meta":[],"product_cat":[20,28,213],"product_tag":[],"class_list":["post-5475","product","type-product","status-publish","has-post-thumbnail","hentry","product_cat-dan-guitar","product_cat-ramirez-guitar","product_cat-dan-cao-cap"],"_links":{"self":[{"href":"https:\/\/emotionguitars.com\/en\/wp-json\/wp\/v2\/product\/5475","targetHints":{"allow":["GET"]}}],"collection":[{"href":"https:\/\/emotionguitars.com\/en\/wp-json\/wp\/v2\/product"}],"about":[{"href":"https:\/\/emotionguitars.com\/en\/wp-json\/wp\/v2\/types\/product"}],"wp:featuredmedia":[{"embeddable":true,"href":"https:\/\/emotionguitars.com\/en\/wp-json\/wp\/v2\/media\/5476"}],"wp:attachment":[{"href":"https:\/\/emotionguitars.com\/en\/wp-json\/wp\/v2\/media?parent=5475"}],"wp:term":[{"taxonomy":"product_cat","embeddable":true,"href":"https:\/\/emotionguitars.com\/en\/wp-json\/wp\/v2\/product_cat?post=5475"},{"taxonomy":"product_tag","embeddable":true,"href":"https:\/\/emotionguitars.com\/en\/wp-json\/wp\/v2\/product_tag?post=5475"}],"curies":[{"name":"wp","href":"https:\/\/api.w.org\/{rel}","templated":true}]}}