{"id":5483,"date":"2024-12-31T23:15:38","date_gmt":"2024-12-31T16:15:38","guid":{"rendered":"https:\/\/emotionguitars.com\/?post_type=product&#038;p=5483"},"modified":"2025-04-29T23:25:27","modified_gmt":"2025-04-29T16:25:27","slug":"jose-ramirez-1a-1992-excellent","status":"publish","type":"product","link":"https:\/\/emotionguitars.com\/en\/product\/jose-ramirez-1a-1992-excellent\/","title":{"rendered":"Jose Ramirez 1a &#8211; 1992 (excellent)"},"content":{"rendered":"<p>Model 1a l\u00e0 m\u1eabu \u0111\u00e0n n\u1ed5i ti\u1ebfng nh\u1ea5t c\u1ee7a h\u00e3ng Jose Ramirez, v\u1edbi nh\u1eefng v\u1eadt li\u1ec7u t\u1ed1t nh\u1ea5t c\u00f3 th\u1ec3, 1a lu\u00f4n t\u1ea1o ra nh\u1eefng \u00e2m thanh \u1ea5n t\u01b0\u1ee3ng v\u00e0 c\u00f3 ph\u1ea7n ho\u00e0i c\u1ed5, \u0111\u1eadm ch\u1ea5t T\u00e2y Ban Nha truy\u1ec1n th\u1ed1ng.<br \/>\nC\u00e2y \u0111\u00e0n n\u0103m 1992 n\u00e0y c\u00f3 b\u1ed9 g\u1ed7 Brazil \u1edf ph\u1ea7n l\u01b0ng v\u00e0 h\u00f4ng r\u1ea5t \u0111\u1eb9p, ngo\u00e0i ra t\u1ed5ng th\u1ebf c\u0169ng c\u00f2n m\u1edbi \u0111\u1ebfn 95%, c\u1ea7n ph\u00edm ho\u00e0n h\u1ea3o, action 3,7mm, ho\u00e0n to\u00e0n nguy\u00ean b\u1ea3n d\u00f9 \u0111\u00e3 tr\u1ea3i qua 32 n\u0103m t\u1eeb khi xu\u1ea5t x\u01b0\u1edfng.<br \/>\nM\u1ed9t c\u00e2y \u0111\u00e0n gi\u00e1 tr\u1ecb v\u1ec1 m\u1ecdi m\u1eb7t.<\/p>","protected":false},"excerpt":{"rendered":"<p>Model 1a l\u00e0 m\u1eabu \u0111\u00e0n n\u1ed5i ti\u1ebfng nh\u1ea5t c\u1ee7a h\u00e3ng Jose Ramirez, v\u1edbi nh\u1eefng v\u1eadt li\u1ec7u t\u1ed1t nh\u1ea5t c\u00f3 th\u1ec3, 1a lu\u00f4n t\u1ea1o ra nh\u1eefng \u00e2m thanh \u1ea5n t\u01b0\u1ee3ng v\u00e0 c\u00f3 ph\u1ea7n ho\u00e0i c\u1ed5, \u0111\u1eadm ch\u1ea5t T\u00e2y Ban Nha truy\u1ec1n th\u1ed1ng. C\u00e2y \u0111\u00e0n n\u0103m 1992 n\u00e0y c\u00f3 b\u1ed9 g\u1ed7 Brazil \u1edf ph\u1ea7n l\u01b0ng v\u00e0 h\u00f4ng&#8230;<\/p>","protected":false},"featured_media":5484,"template":"","meta":[],"product_cat":[533,20,28,213],"product_tag":[],"class_list":["post-5483","product","type-product","status-publish","has-post-thumbnail","hentry","product_cat-luxury","product_cat-dan-guitar","product_cat-ramirez-guitar","product_cat-dan-cao-cap"],"_links":{"self":[{"href":"https:\/\/emotionguitars.com\/en\/wp-json\/wp\/v2\/product\/5483","targetHints":{"allow":["GET"]}}],"collection":[{"href":"https:\/\/emotionguitars.com\/en\/wp-json\/wp\/v2\/product"}],"about":[{"href":"https:\/\/emotionguitars.com\/en\/wp-json\/wp\/v2\/types\/product"}],"wp:featuredmedia":[{"embeddable":true,"href":"https:\/\/emotionguitars.com\/en\/wp-json\/wp\/v2\/media\/5484"}],"wp:attachment":[{"href":"https:\/\/emotionguitars.com\/en\/wp-json\/wp\/v2\/media?parent=5483"}],"wp:term":[{"taxonomy":"product_cat","embeddable":true,"href":"https:\/\/emotionguitars.com\/en\/wp-json\/wp\/v2\/product_cat?post=5483"},{"taxonomy":"product_tag","embeddable":true,"href":"https:\/\/emotionguitars.com\/en\/wp-json\/wp\/v2\/product_tag?post=5483"}],"curies":[{"name":"wp","href":"https:\/\/api.w.org\/{rel}","templated":true}]}}