{"id":5491,"date":"2025-01-12T00:12:37","date_gmt":"2025-01-11T17:12:37","guid":{"rendered":"https:\/\/emotionguitars.com\/?post_type=product&#038;p=5491"},"modified":"2025-01-12T00:12:37","modified_gmt":"2025-01-11T17:12:37","slug":"antonio-picado-concerto-2002-very-good","status":"publish","type":"product","link":"https:\/\/emotionguitars.com\/en\/product\/antonio-picado-concerto-2002-very-good\/","title":{"rendered":"Antonio Picado Concerto &#8211; 2002 (very good)"},"content":{"rendered":"<p>Antonio Picado l\u00e0 ngh\u1ec7 nh\u00e2n n\u1ed5i ti\u1ebfng c\u1ee7a Barcalona. C\u00e1c m\u1eabu Concerto c\u1ee7a Picado th\u01b0\u1eddng \u0111\u01b0\u1ee3c s\u1eed d\u1ee5ng v\u1edbi g\u1ed7 Jacaranda v\u00e0 gi\u1edd \u0111\u00e2y \u0111\u00e3 b\u1eaft \u0111\u1ea7u hi\u1ebfm th\u1ea5y khi m\u00e0 18 n\u0103m nay, Picado \u0111\u00e3 ngh\u1ec9 h\u01b0u v\u00e0 b\u00e1n l\u1ea1i th\u01b0\u01a1ng hi\u1ec7u c\u1ee7a m\u00ecnh cho 2 ngh\u1ec7 nh\u00e2n ng\u01b0\u1eddi T\u00e2y Ban Nha l\u00e0 Genis v\u00e0 Prat.<br \/>\nC\u00e2y \u0111\u00e0n Concerto s\u1ea3n xu\u1ea5t n\u0103m 2002 v\u1edbi g\u1ed7 Brazil n\u00e0y c\u00f3 ngo\u1ea1i h\u00ecnh v\u1edbi nh\u1eefng vi\u1ebft x\u01b0\u1edbc nh\u1ecf, 2 v\u1ebft b\u1eadt d\u00e2y kho\u1ea3ng 1 cm \u1edf d\u01b0\u1edbi ng\u1ef1a \u0111\u00e0n, nh\u01b0ng t\u1ed5ng th\u1ebf l\u00e0 m\u1ed9t c\u00e2y \u0111\u00e0n \u0111\u1eb9p. \u00c2m thanh phong ph\u00fa, \u0111\u1ea7y \u0111\u1ee7 v\u00e0 r\u1ea5t quy\u1ebfn r\u0169.<br \/>\nTuy gi\u00e1 ti\u1ec1n kh\u00f4ng cao nh\u01b0ng l\u1ea1i l\u00e0 m\u1ed9t c\u00e2y \u0111\u00e0n qu\u00fd v\u00e0 c\u00f3 gi\u00e1 tr\u1ecb s\u01b0u t\u1ea7m r\u1ea5t cao.<\/p>","protected":false},"excerpt":{"rendered":"<p>Antonio Picado l\u00e0 ngh\u1ec7 nh\u00e2n n\u1ed5i ti\u1ebfng c\u1ee7a Barcalona. C\u00e1c m\u1eabu Concerto c\u1ee7a Picado th\u01b0\u1eddng \u0111\u01b0\u1ee3c s\u1eed d\u1ee5ng v\u1edbi g\u1ed7 Jacaranda v\u00e0 gi\u1edd \u0111\u00e2y \u0111\u00e3 b\u1eaft \u0111\u1ea7u hi\u1ebfm th\u1ea5y khi m\u00e0 18 n\u0103m nay, Picado \u0111\u00e3 ngh\u1ec9 h\u01b0u v\u00e0 b\u00e1n l\u1ea1i th\u01b0\u01a1ng hi\u1ec7u c\u1ee7a m\u00ecnh cho 2 ngh\u1ec7 nh\u00e2n ng\u01b0\u1eddi T\u00e2y Ban Nha l\u00e0 Genis&#8230;<\/p>","protected":false},"featured_media":5492,"template":"","meta":[],"product_cat":[533,84,213],"product_tag":[],"class_list":["post-5491","product","type-product","status-publish","has-post-thumbnail","hentry","product_cat-luxury","product_cat-picado","product_cat-dan-cao-cap"],"_links":{"self":[{"href":"https:\/\/emotionguitars.com\/en\/wp-json\/wp\/v2\/product\/5491","targetHints":{"allow":["GET"]}}],"collection":[{"href":"https:\/\/emotionguitars.com\/en\/wp-json\/wp\/v2\/product"}],"about":[{"href":"https:\/\/emotionguitars.com\/en\/wp-json\/wp\/v2\/types\/product"}],"wp:featuredmedia":[{"embeddable":true,"href":"https:\/\/emotionguitars.com\/en\/wp-json\/wp\/v2\/media\/5492"}],"wp:attachment":[{"href":"https:\/\/emotionguitars.com\/en\/wp-json\/wp\/v2\/media?parent=5491"}],"wp:term":[{"taxonomy":"product_cat","embeddable":true,"href":"https:\/\/emotionguitars.com\/en\/wp-json\/wp\/v2\/product_cat?post=5491"},{"taxonomy":"product_tag","embeddable":true,"href":"https:\/\/emotionguitars.com\/en\/wp-json\/wp\/v2\/product_tag?post=5491"}],"curies":[{"name":"wp","href":"https:\/\/api.w.org\/{rel}","templated":true}]}}