{"id":5498,"date":"2025-01-12T00:25:33","date_gmt":"2025-01-11T17:25:33","guid":{"rendered":"https:\/\/emotionguitars.com\/?post_type=product&#038;p=5498"},"modified":"2025-04-29T23:47:04","modified_gmt":"2025-04-29T16:47:04","slug":"vladimir-druzhinin-tkach-2024-excellent","status":"publish","type":"product","link":"https:\/\/emotionguitars.com\/en\/product\/vladimir-druzhinin-tkach-2024-excellent\/","title":{"rendered":"Vladimir Druzhinin TKach &#8211; 2024 (excellent)"},"content":{"rendered":"<p>Vladimir Druzhinin L\u00e0 ngh\u1ec7 nh\u00e2n tr\u1ebb t\u00e0i n\u0103ng \u1edf Nga. Anh t\u1eebng l\u00e0 k\u1ef9 s\u01b0 v\u1eadt l\u00fd v\u00e0 hi\u1ec7n t\u1ea1i l\u00e0 m\u1ed9t luthier c\u00f3 ti\u1ebfng t\u0103m b\u1eadc nh\u1ea5t \u1edf Nga th\u1eddi \u0111i\u1ec3m hi\u1ec7n t\u1ea1i. Nh\u1eefng \u00e2m thanh c\u1ee7a \u0111\u00e0n Druzhinin lu\u00f4n gi\u00e0u s\u1ee9c s\u1ed1ng v\u00e0 gi\u1ed1ng nh\u01b0 b\u01b0\u1edbc ra trong nh\u1eefng c\u00e2u chuy\u1ec7n c\u1ed5 t\u00edch \u0111\u1ea7y th\u01a1 m\u1ed9ng.<br \/>\nC\u00e2y \u0111\u00e0n n\u00e0y \u0111\u01b0\u1ee3c l\u00e0m theo m\u1eabu Tkach &#8211; l\u00e0 m\u1eabu \u0111\u1ec3 t\u00f4n vinh ng\u01b0\u1eddi th\u00e0y c\u1ee7a Vladimir.<\/p>\n<p>\u2022 Th\u00f4ng s\u1ed1 \u0111\u00e0n:<br \/>\nTop: cedaz<br \/>\nBack, side: Madagasca rose wu\u00f4d<br \/>\nPaint: shellac<\/p>","protected":false},"excerpt":{"rendered":"<p>Vladimir Druzhinin L\u00e0 ngh\u1ec7 nh\u00e2n tr\u1ebb t\u00e0i n\u0103ng \u1edf Nga. Anh t\u1eebng l\u00e0 k\u1ef9 s\u01b0 v\u1eadt l\u00fd v\u00e0 hi\u1ec7n t\u1ea1i l\u00e0 m\u1ed9t luthier c\u00f3 ti\u1ebfng t\u0103m b\u1eadc nh\u1ea5t \u1edf Nga th\u1eddi \u0111i\u1ec3m hi\u1ec7n t\u1ea1i. Nh\u1eefng \u00e2m thanh c\u1ee7a \u0111\u00e0n Druzhinin lu\u00f4n gi\u00e0u s\u1ee9c s\u1ed1ng v\u00e0 gi\u1ed1ng nh\u01b0 b\u01b0\u1edbc ra trong nh\u1eefng c\u00e2u chuy\u1ec7n c\u1ed5 t\u00edch&#8230;<\/p>","protected":false},"featured_media":5499,"template":"","meta":[],"product_cat":[533,20,213],"product_tag":[],"class_list":["post-5498","product","type-product","status-publish","has-post-thumbnail","hentry","product_cat-luxury","product_cat-dan-guitar","product_cat-dan-cao-cap"],"_links":{"self":[{"href":"https:\/\/emotionguitars.com\/en\/wp-json\/wp\/v2\/product\/5498","targetHints":{"allow":["GET"]}}],"collection":[{"href":"https:\/\/emotionguitars.com\/en\/wp-json\/wp\/v2\/product"}],"about":[{"href":"https:\/\/emotionguitars.com\/en\/wp-json\/wp\/v2\/types\/product"}],"wp:featuredmedia":[{"embeddable":true,"href":"https:\/\/emotionguitars.com\/en\/wp-json\/wp\/v2\/media\/5499"}],"wp:attachment":[{"href":"https:\/\/emotionguitars.com\/en\/wp-json\/wp\/v2\/media?parent=5498"}],"wp:term":[{"taxonomy":"product_cat","embeddable":true,"href":"https:\/\/emotionguitars.com\/en\/wp-json\/wp\/v2\/product_cat?post=5498"},{"taxonomy":"product_tag","embeddable":true,"href":"https:\/\/emotionguitars.com\/en\/wp-json\/wp\/v2\/product_tag?post=5498"}],"curies":[{"name":"wp","href":"https:\/\/api.w.org\/{rel}","templated":true}]}}