{"id":5509,"date":"2025-02-27T10:00:20","date_gmt":"2025-02-27T03:00:20","guid":{"rendered":"https:\/\/emotionguitars.com\/?post_type=product&#038;p=5509"},"modified":"2025-05-06T21:59:31","modified_gmt":"2025-05-06T14:59:31","slug":"masaru-kohno-20-1976-excellent","status":"publish","type":"product","link":"https:\/\/emotionguitars.com\/en\/product\/masaru-kohno-20-1976-excellent\/","title":{"rendered":"Masaru Kohno 20 &#8211; 1976 (excellent)"},"content":{"rendered":"<p>Masaru Kohno 20 &#8211; 1976 l\u00e0 \u201c\u00c1 h\u1eadu\u201d n\u0103m \u0111\u00f3, ch\u1ec9 sau model 30.<br \/>\nM\u1ed9t c\u00e2y \u0111\u00e0n nguy\u00ean b\u1ea3n 100% v\u00e0 c\u00f3 \u0111\u1ed9 m\u1edbi 98%, th\u1eadt s\u1ef1 r\u1ea5t \u1ea5n t\u01b0\u1ee3ng.<\/p>\n<p>\u2022 Th\u00f4ng s\u1ed1:<br \/>\nTop: spruce<br \/>\nBack, side: Jacaranda rose wood<br \/>\nScale, nut: 660mm, 52mm<\/p>","protected":false},"excerpt":{"rendered":"<p>Masaru Kohno 20 &#8211; 1976 l\u00e0 \u201c\u00c1 h\u1eadu\u201d n\u0103m \u0111\u00f3, ch\u1ec9 sau model 30. M\u1ed9t c\u00e2y \u0111\u00e0n nguy\u00ean b\u1ea3n 100% v\u00e0 c\u00f3 \u0111\u1ed9 m\u1edbi 98%, th\u1eadt s\u1ef1 r\u1ea5t \u1ea5n t\u01b0\u1ee3ng. \u2022 Th\u00f4ng s\u1ed1: Top: spruce Back, side: Jacaranda rose wood Scale, nut: 660mm, 52mm<\/p>","protected":false},"featured_media":5510,"template":"","meta":[],"product_cat":[20,25],"product_tag":[],"class_list":["post-5509","product","type-product","status-publish","has-post-thumbnail","hentry","product_cat-dan-guitar","product_cat-sakurai-kohno"],"_links":{"self":[{"href":"https:\/\/emotionguitars.com\/en\/wp-json\/wp\/v2\/product\/5509","targetHints":{"allow":["GET"]}}],"collection":[{"href":"https:\/\/emotionguitars.com\/en\/wp-json\/wp\/v2\/product"}],"about":[{"href":"https:\/\/emotionguitars.com\/en\/wp-json\/wp\/v2\/types\/product"}],"wp:featuredmedia":[{"embeddable":true,"href":"https:\/\/emotionguitars.com\/en\/wp-json\/wp\/v2\/media\/5510"}],"wp:attachment":[{"href":"https:\/\/emotionguitars.com\/en\/wp-json\/wp\/v2\/media?parent=5509"}],"wp:term":[{"taxonomy":"product_cat","embeddable":true,"href":"https:\/\/emotionguitars.com\/en\/wp-json\/wp\/v2\/product_cat?post=5509"},{"taxonomy":"product_tag","embeddable":true,"href":"https:\/\/emotionguitars.com\/en\/wp-json\/wp\/v2\/product_tag?post=5509"}],"curies":[{"name":"wp","href":"https:\/\/api.w.org\/{rel}","templated":true}]}}