{"id":5518,"date":"2025-05-16T06:17:44","date_gmt":"2025-05-15T23:17:44","guid":{"rendered":"https:\/\/emotionguitars.com\/?post_type=product&#038;p=5518"},"modified":"2025-05-16T06:23:05","modified_gmt":"2025-05-15T23:23:05","slug":"hermann-hauser-2-1979-excellent","status":"publish","type":"product","link":"https:\/\/emotionguitars.com\/en\/product\/hermann-hauser-2-1979-excellent\/","title":{"rendered":"Hermann Hauser 2 &#8211; 1979 (excellent)"},"content":{"rendered":"<p>Hermann Hauser 2 l\u00e0 m\u1ed9t trong nh\u1eefng luthier v\u0129 \u0111\u1ea1i nh\u1ea5t trong gi\u1edbi l\u00e0m \u0111\u00e0n guitar classic. Nhi\u1ec1u ngh\u1ec7 s\u0129 \u0111\u00e3 th\u00e0nh danh s\u1eed d\u1ee5ng Hauser 2 nh\u01b0 Andres Segovia, Julian Bream\u2026<br \/>\n\u0110\u1ed1i v\u1edbi m\u1ed9t Hauser \u0111\u01b0\u1ee3c s\u1eed d\u1ee5ng g\u1ed7 Maple l\u00e0 \u0111i\u1ec1u r\u1ea5t hi\u1ebfm g\u1eb7p k\u1ec3 t\u1eeb th\u1eddi Hermann Hauser 2 b\u1edfi \u0111\u1eb7c \u0111i\u1ec3m r\u1ea5t kh\u00f3 l\u00e0m. Tuy nhi\u00ean, n\u1ebfu nh\u00ecn v\u1ec1 th\u1eddi gian tr\u01b0\u1edbc n\u1eefa th\u00ec g\u1ed7 maple l\u00e0 lo\u1ea1i g\u1ed7 \u0111\u01b0\u1ee3c s\u1eed d\u1ee5ng \u0111\u1ea7u ti\u00ean \u0111\u1ec3 l\u00e0m c\u00e1c nh\u1ea1c c\u1ee5 th\u00ednh ph\u00f2ng nh\u01b0 violon, Cello\u2026 hay k\u1ec3 c\u1ea3 guitar. M\u1ed9t c\u00e2y \u0111\u00e0n Guitar classic nh\u01b0 Hermann Hauser n\u1ebfu \u0111\u01b0\u1ee3c l\u00e0m th\u00e0nh c\u00f4ng tr\u00ean g\u1ed7 maple s\u1ebd l\u00e0 b\u00e1u v\u1eadt th\u1ef1c s\u1ef1.<\/p>","protected":false},"excerpt":{"rendered":"<p>Hermann Hauser 2 l\u00e0 m\u1ed9t trong nh\u1eefng luthier v\u0129 \u0111\u1ea1i nh\u1ea5t trong gi\u1edbi l\u00e0m \u0111\u00e0n guitar classic. Nhi\u1ec1u ngh\u1ec7 s\u0129 \u0111\u00e3 th\u00e0nh danh s\u1eed d\u1ee5ng Hauser 2 nh\u01b0 Andres Segovia, Julian Bream\u2026 \u0110\u1ed1i v\u1edbi m\u1ed9t Hauser \u0111\u01b0\u1ee3c s\u1eed d\u1ee5ng g\u1ed7 Maple l\u00e0 \u0111i\u1ec1u r\u1ea5t hi\u1ebfm g\u1eb7p k\u1ec3 t\u1eeb th\u1eddi Hermann Hauser 2 b\u1edfi \u0111\u1eb7c \u0111i\u1ec3m&#8230;<\/p>","protected":false},"featured_media":5600,"template":"","meta":[],"product_cat":[533,20,213],"product_tag":[],"class_list":["post-5518","product","type-product","status-publish","has-post-thumbnail","hentry","product_cat-luxury","product_cat-dan-guitar","product_cat-dan-cao-cap"],"_links":{"self":[{"href":"https:\/\/emotionguitars.com\/en\/wp-json\/wp\/v2\/product\/5518","targetHints":{"allow":["GET"]}}],"collection":[{"href":"https:\/\/emotionguitars.com\/en\/wp-json\/wp\/v2\/product"}],"about":[{"href":"https:\/\/emotionguitars.com\/en\/wp-json\/wp\/v2\/types\/product"}],"wp:featuredmedia":[{"embeddable":true,"href":"https:\/\/emotionguitars.com\/en\/wp-json\/wp\/v2\/media\/5600"}],"wp:attachment":[{"href":"https:\/\/emotionguitars.com\/en\/wp-json\/wp\/v2\/media?parent=5518"}],"wp:term":[{"taxonomy":"product_cat","embeddable":true,"href":"https:\/\/emotionguitars.com\/en\/wp-json\/wp\/v2\/product_cat?post=5518"},{"taxonomy":"product_tag","embeddable":true,"href":"https:\/\/emotionguitars.com\/en\/wp-json\/wp\/v2\/product_tag?post=5518"}],"curies":[{"name":"wp","href":"https:\/\/api.w.org\/{rel}","templated":true}]}}