{"id":5525,"date":"2025-03-20T21:19:01","date_gmt":"2025-03-20T14:19:01","guid":{"rendered":"https:\/\/emotionguitars.com\/?post_type=product&#038;p=5525"},"modified":"2025-05-06T21:38:57","modified_gmt":"2025-05-06T14:38:57","slug":"masaki-sakurai-pc-2025-bran-new","status":"publish","type":"product","link":"https:\/\/emotionguitars.com\/en\/product\/masaki-sakurai-pc-2025-bran-new\/","title":{"rendered":"Masaki Sakurai PC &#8211; 2025 (bran new)"},"content":{"rendered":"<p>M\u1eabu PC c\u1ee7a Sakurai lu\u00f4n l\u00e0 l\u1ef1a ch\u1ecdn c\u1ee7a nhi\u1ec1u ngh\u1ec7 s\u0129 bi\u1ec3u di\u1ec5n b\u1edfi s\u1ef1 tinh t\u1ebf v\u00e0 \u0111\u1eb3ng c\u1ea5p th\u1ef1c s\u1ef1 khi t\u1eebng nh\u1ea5t trong cu\u1ed9c thi l\u00e0m \u0111\u00e0n t\u1ea1i Paris Ph\u00e1p.<br \/>\nC\u00e2y \u0111\u00e0n n\u00e0y gi\u1ed1ng t\u1ea5t c\u1ea3 c\u00e1c c\u00e2y PC truy\u1ec1n th\u1ed1ng, v\u1edbi v\u1ebb ngo\u00e0i nh\u00e3 nh\u1eb7n v\u00e0 \u00e2m thanh n\u1ed3ng \u1ea5m, c\u00e2n b\u1eb1ng v\u00e0 clear.<\/p>\n<p>Th\u00f4ng s\u1ed1 \u0111\u00e0n:<br \/>\nTop: spruce<br \/>\nBack, side: Madagasca rosewood<br \/>\nScale, nut: 650mm, 52mm<\/p>","protected":false},"excerpt":{"rendered":"<p>M\u1eabu PC c\u1ee7a Sakurai lu\u00f4n l\u00e0 l\u1ef1a ch\u1ecdn c\u1ee7a nhi\u1ec1u ngh\u1ec7 s\u0129 bi\u1ec3u di\u1ec5n b\u1edfi s\u1ef1 tinh t\u1ebf v\u00e0 \u0111\u1eb3ng c\u1ea5p th\u1ef1c s\u1ef1 khi t\u1eebng nh\u1ea5t trong cu\u1ed9c thi l\u00e0m \u0111\u00e0n t\u1ea1i Paris Ph\u00e1p. C\u00e2y \u0111\u00e0n n\u00e0y gi\u1ed1ng t\u1ea5t c\u1ea3 c\u00e1c c\u00e2y PC truy\u1ec1n th\u1ed1ng, v\u1edbi v\u1ebb ngo\u00e0i nh\u00e3 nh\u1eb7n v\u00e0 \u00e2m thanh n\u1ed3ng \u1ea5m,&#8230;<\/p>","protected":false},"featured_media":5529,"template":"","meta":[],"product_cat":[20,25,213],"product_tag":[],"class_list":["post-5525","product","type-product","status-publish","has-post-thumbnail","hentry","product_cat-dan-guitar","product_cat-sakurai-kohno","product_cat-dan-cao-cap"],"_links":{"self":[{"href":"https:\/\/emotionguitars.com\/en\/wp-json\/wp\/v2\/product\/5525","targetHints":{"allow":["GET"]}}],"collection":[{"href":"https:\/\/emotionguitars.com\/en\/wp-json\/wp\/v2\/product"}],"about":[{"href":"https:\/\/emotionguitars.com\/en\/wp-json\/wp\/v2\/types\/product"}],"wp:featuredmedia":[{"embeddable":true,"href":"https:\/\/emotionguitars.com\/en\/wp-json\/wp\/v2\/media\/5529"}],"wp:attachment":[{"href":"https:\/\/emotionguitars.com\/en\/wp-json\/wp\/v2\/media?parent=5525"}],"wp:term":[{"taxonomy":"product_cat","embeddable":true,"href":"https:\/\/emotionguitars.com\/en\/wp-json\/wp\/v2\/product_cat?post=5525"},{"taxonomy":"product_tag","embeddable":true,"href":"https:\/\/emotionguitars.com\/en\/wp-json\/wp\/v2\/product_tag?post=5525"}],"curies":[{"name":"wp","href":"https:\/\/api.w.org\/{rel}","templated":true}]}}