{"id":5535,"date":"2025-03-23T21:07:40","date_gmt":"2025-03-23T14:07:40","guid":{"rendered":"https:\/\/emotionguitars.com\/?post_type=product&#038;p=5535"},"modified":"2025-04-29T23:46:44","modified_gmt":"2025-04-29T16:46:44","slug":"so-kimishima-stella-2024-brand-new","status":"publish","type":"product","link":"https:\/\/emotionguitars.com\/en\/product\/so-kimishima-stella-2024-brand-new\/","title":{"rendered":"So Kimishima Stella 2024 (brand new)"},"content":{"rendered":"<p>So Kimishima l\u00e0 ch\u00e1u g\u1ecdi c\u1ee5 Masaru Kohno l\u00e0 \u00f4ng ngo\u1ea1i v\u00e0 g\u1ecdi Masaki Sakurai l\u00e0 c\u1eadu. \u0110\u01b0\u1ee3c coi l\u00e0 h\u1eadu du\u1ec7 v\u00e0 \u0111\u1eddi l\u00e0m \u0111\u00e0n th\u1ee9 3 c\u1ee7a nh\u00e0 Kohno, So Kimishima l\u00e0 m\u1ed9t t\u00e0i n\u0103ng l\u1edbn \u0111\u01b0\u1ee3c b\u1ed9c l\u1ed9. C\u00e1c m\u1eabu \u0111\u00e0n c\u1ee7a Kimishima l\u00e0 s\u1ef1 th\u1ef1c t\u1ebf theo k\u1ecbp th\u1eddi \u0111\u1ea1i khi c\u00e1c guitaris ng\u00e0y c\u00e0ng c\u00f3 xu h\u01b0\u1edbng s\u1eed d\u1ee5ng \u0111\u00e0n v\u1edbi kh\u1ea3 n\u0103ng \u0111\u1ed9c l\u1eadp, b\u1ecf micro khuy\u00each \u0111\u1ea1i \u00e2m thanh. Ngo\u00e0i ra, t\u00ednh truy\u1ec1n th\u1ed1ng v\u1eabn l\u00e0 s\u1ee3i ch\u1ec9 xuy\u00ean su\u1ed1t trong phong c\u00e1ch c\u1ee7a Kimishima.<br \/>\nM\u1eabu Stella l\u00e0 m\u1eabu \u0111\u00e0n \u0111\u1ea7u ti\u00ean \u0111\u01b0\u1ee3c Kimishima ch\u1ebf t\u00e1c khi b\u1eaft \u0111\u1ea7u \u0111\u01b0\u1ee3c ho\u1ea1t \u0111\u1ed9ng \u0111\u1ed9c l\u1eadp v\u00e0o n\u0103m 2021.<br \/>\n\u1ede c\u00e2y \u0111\u00e0n n\u00e0y, t\u1eebng \u0111\u01b0\u1eddng n\u00e9t voi c\u00f9ng s\u1eafc s\u1ea3o c\u1ed9ng v\u1edbi \u00e2m thanh c\u00e2n b\u1eb1ng \u0111\u00e1ng kinh ng\u1ea1c, s\u1ef1 c\u1ed9ng h\u01b0\u1edfng h\u00e0i ho\u00e0 l\u00e0m ng\u01b0\u1eddi ch\u01a1i v\u00e0 nghe r\u1ea5t d\u1ec5 ch\u1ecbu.<\/p>","protected":false},"excerpt":{"rendered":"<p>So Kimishima l\u00e0 ch\u00e1u g\u1ecdi c\u1ee5 Masaru Kohno l\u00e0 \u00f4ng ngo\u1ea1i v\u00e0 g\u1ecdi Masaki Sakurai l\u00e0 c\u1eadu. \u0110\u01b0\u1ee3c coi l\u00e0 h\u1eadu du\u1ec7 v\u00e0 \u0111\u1eddi l\u00e0m \u0111\u00e0n th\u1ee9 3 c\u1ee7a nh\u00e0 Kohno, So Kimishima l\u00e0 m\u1ed9t t\u00e0i n\u0103ng l\u1edbn \u0111\u01b0\u1ee3c b\u1ed9c l\u1ed9. C\u00e1c m\u1eabu \u0111\u00e0n c\u1ee7a Kimishima l\u00e0 s\u1ef1 th\u1ef1c t\u1ebf theo k\u1ecbp th\u1eddi \u0111\u1ea1i khi&#8230;<\/p>","protected":false},"featured_media":5536,"template":"","meta":[],"product_cat":[20,25],"product_tag":[],"class_list":["post-5535","product","type-product","status-publish","has-post-thumbnail","hentry","product_cat-dan-guitar","product_cat-sakurai-kohno"],"_links":{"self":[{"href":"https:\/\/emotionguitars.com\/en\/wp-json\/wp\/v2\/product\/5535","targetHints":{"allow":["GET"]}}],"collection":[{"href":"https:\/\/emotionguitars.com\/en\/wp-json\/wp\/v2\/product"}],"about":[{"href":"https:\/\/emotionguitars.com\/en\/wp-json\/wp\/v2\/types\/product"}],"wp:featuredmedia":[{"embeddable":true,"href":"https:\/\/emotionguitars.com\/en\/wp-json\/wp\/v2\/media\/5536"}],"wp:attachment":[{"href":"https:\/\/emotionguitars.com\/en\/wp-json\/wp\/v2\/media?parent=5535"}],"wp:term":[{"taxonomy":"product_cat","embeddable":true,"href":"https:\/\/emotionguitars.com\/en\/wp-json\/wp\/v2\/product_cat?post=5535"},{"taxonomy":"product_tag","embeddable":true,"href":"https:\/\/emotionguitars.com\/en\/wp-json\/wp\/v2\/product_tag?post=5535"}],"curies":[{"name":"wp","href":"https:\/\/api.w.org\/{rel}","templated":true}]}}