{"id":5564,"date":"2025-05-01T16:27:23","date_gmt":"2025-05-01T09:27:23","guid":{"rendered":"https:\/\/emotionguitars.com\/?post_type=product&#038;p=5564"},"modified":"2025-05-01T16:27:24","modified_gmt":"2025-05-01T09:27:24","slug":"hanika-fussion-brand-new","status":"publish","type":"product","link":"https:\/\/emotionguitars.com\/en\/product\/hanika-fussion-brand-new\/","title":{"rendered":"Hanika Fussion (brand new)"},"content":{"rendered":"<p>D\u00d2NG CHUY\u00caN NGHI\u1ec6P Fusion PC<\/p>\n<p>M\u1ed9t c\u00e2y \u0111\u00e0n guitar c\u1eaft r\u1eddi \u0111\u01b0\u1ee3c ph\u00e1t tri\u1ec3n d\u1ef1a tr\u00ean c\u00e1c m\u1eabu &#8220;D\u00f2ng chuy\u00ean nghi\u1ec7p Hanika&#8221; c\u1ee7a ch\u00fang t\u00f4i \u0111\u1ec3 ch\u01a1i t\u1ed1t h\u01a1n \u1edf c\u00e1c \u00e2m v\u1ef1c cao. \u0110i\u1ec3m n\u1ed5i b\u1eadt c\u1ee7a FUSION PC l\u00e0 ph\u1ea7n c\u1eaft r\u1eddi m\u1edbi v\u1edbi g\u00f3t ph\u1eb3ng h\u01a1n v\u00e0 m\u1eb7t \u0111\u00e0n Hanika Composite m\u1edbi. \u0110\u1ed9 s\u00e2u c\u1ee7a th\u00e2n \u0111\u00e0n \u0111\u01b0\u1ee3c gi\u1ea3m \u0111i m\u1ed9t ch\u00fat. Ch\u1ea5t l\u01b0\u1ee3ng ch\u01a1i v\u00e0 \u00e2m s\u1eafc c\u1ee7a c\u00e2y \u0111\u00e0n n\u00e0y ph\u00f9 h\u1ee3p v\u1edbi c\u00e1c b\u1ea3n ng\u1eabu h\u1ee9ng v\u00e0 nh\u1ea1c jazz \u0111\u00f2i h\u1ecfi kh\u1eaft khe.<\/p>\n<p>M\u1eb7t sau v\u00e0 m\u1eb7t b\u00ean \u0111\u01b0\u1ee3c l\u00e0m t\u1eeb g\u1ed7 c\u1ea9m lai \u1ea4n \u0110\u1ed9 ch\u1ea5t l\u01b0\u1ee3ng cao nh\u1ea5t v\u00e0 m\u1eb7t \u0111\u00e0n \u0111\u01b0\u1ee3c l\u00e0m t\u1eeb g\u1ed7 tuy\u1ebft t\u00f9ng t\u1ed1t nh\u1ea5t (c\u1ea5u tr\u00fac l\u1edbp Hanika \u0111\u1eb7c bi\u1ec7t). S\u1ef1 k\u1ebft h\u1ee3p gi\u1eefa g\u1ed7 c\u1ea9m lai l\u00fd t\u01b0\u1edfng v\u1edbi m\u1eb7t \u0111\u00e0n tuy\u1ebft t\u00f9ng composite c\u1ef1c m\u1ecfng mang \u0111\u1ebfn cho FUSION PC kh\u1ea3 n\u0103ng t\u1ea5n c\u00f4ng v\u00e0 duy tr\u00ec v\u01b0\u1ee3t tr\u1ed9i, c\u0169ng nh\u01b0 nhi\u1ec1u m\u00e0u s\u1eafc \u00e2m thanh.<\/p>","protected":false},"excerpt":{"rendered":"<p>D\u00d2NG CHUY\u00caN NGHI\u1ec6P Fusion PC M\u1ed9t c\u00e2y \u0111\u00e0n guitar c\u1eaft r\u1eddi \u0111\u01b0\u1ee3c ph\u00e1t tri\u1ec3n d\u1ef1a tr\u00ean c\u00e1c m\u1eabu &#8220;D\u00f2ng chuy\u00ean nghi\u1ec7p Hanika&#8221; c\u1ee7a ch\u00fang t\u00f4i \u0111\u1ec3 ch\u01a1i t\u1ed1t h\u01a1n \u1edf c\u00e1c \u00e2m v\u1ef1c cao. \u0110i\u1ec3m n\u1ed5i b\u1eadt c\u1ee7a FUSION PC l\u00e0 ph\u1ea7n c\u1eaft r\u1eddi m\u1edbi v\u1edbi g\u00f3t ph\u1eb3ng h\u01a1n v\u00e0 m\u1eb7t \u0111\u00e0n Hanika Composite m\u1edbi&#8230;.<\/p>","protected":false},"featured_media":5565,"template":"","meta":[],"product_cat":[20,26,213],"product_tag":[],"class_list":["post-5564","product","type-product","status-publish","has-post-thumbnail","hentry","product_cat-dan-guitar","product_cat-hanika-guitar","product_cat-dan-cao-cap"],"_links":{"self":[{"href":"https:\/\/emotionguitars.com\/en\/wp-json\/wp\/v2\/product\/5564","targetHints":{"allow":["GET"]}}],"collection":[{"href":"https:\/\/emotionguitars.com\/en\/wp-json\/wp\/v2\/product"}],"about":[{"href":"https:\/\/emotionguitars.com\/en\/wp-json\/wp\/v2\/types\/product"}],"wp:featuredmedia":[{"embeddable":true,"href":"https:\/\/emotionguitars.com\/en\/wp-json\/wp\/v2\/media\/5565"}],"wp:attachment":[{"href":"https:\/\/emotionguitars.com\/en\/wp-json\/wp\/v2\/media?parent=5564"}],"wp:term":[{"taxonomy":"product_cat","embeddable":true,"href":"https:\/\/emotionguitars.com\/en\/wp-json\/wp\/v2\/product_cat?post=5564"},{"taxonomy":"product_tag","embeddable":true,"href":"https:\/\/emotionguitars.com\/en\/wp-json\/wp\/v2\/product_tag?post=5564"}],"curies":[{"name":"wp","href":"https:\/\/api.w.org\/{rel}","templated":true}]}}