{"id":5573,"date":"2025-05-01T16:36:01","date_gmt":"2025-05-01T09:36:01","guid":{"rendered":"https:\/\/emotionguitars.com\/?post_type=product&#038;p=5573"},"modified":"2025-05-01T16:36:01","modified_gmt":"2025-05-01T09:36:01","slug":"hanika-new-century-dtl-brand-new","status":"publish","type":"product","link":"https:\/\/emotionguitars.com\/en\/product\/hanika-new-century-dtl-brand-new\/","title":{"rendered":"Hanika New Century DTL (brand new)"},"content":{"rendered":"<p>S\u1ef1 k\u1ebft h\u1ee3p gi\u1eefa m\u1eb7t \u0111\u00e0n \u0111\u00f4i (c\u1ea5u tr\u00fac sandwich v\u1edbi g\u1ed7 tuy\u1ebft t\u00f9ng\/nomex\/carbon) v\u00e0 thanh gi\u1eb1ng d\u1ea1ng l\u01b0\u1edbi l\u00e0m b\u1eb1ng g\u1ed7 v\u00e2n sam mang l\u1ea1i m\u1ed9t ch\u00fat \u0111\u1ed9ng l\u1ef1c v\u00e0 s\u1ef1 c\u00e2n b\u1eb1ng. C\u1ea5u tr\u00fac m\u1eb7t \u0111\u00e0n ph\u1eb3ng c\u00f9ng v\u1edbi g\u00f3c k\u00edch th\u00edch d\u1ed1c h\u01a1n, do &#8220;m\u1eb7t c\u1ea7n \u0111\u00e0n n\u00e2ng cao&#8221;, c\u0169ng h\u1ed7 tr\u1ee3 c\u00e1c y\u00eau c\u1ea7u n\u00e0y. T\u1ea5t c\u1ea3 c\u00e1c chi ti\u1ebft kh\u00e1c \u0111\u1ec1u \u0111\u01b0\u1ee3c l\u1ea5y t\u1eeb NEW CENTURY LATTICE.<\/p>\n<p>V\u1edbi c\u1ea5u tr\u00fac &#8220;m\u1eb7t c\u1ea7n \u0111\u00e0n n\u00e2ng cao&#8221;, c\u00e1c ti\u00eau chu\u1ea9n m\u1edbi \u0111\u01b0\u1ee3c thi\u1ebft l\u1eadp. Ch\u00fang gi\u00fap ch\u01a1i d\u1ec5 d\u00e0ng h\u01a1n \u1edf c\u00e1c v\u1ecb tr\u00ed cao h\u01a1n v\u00e0 l\u1ed7 tho\u00e1t \u00e2m c\u1ee7a m\u00e0n h\u00ecnh \u0111\u1ea3m b\u1ea3o nh\u1eadn th\u1ee9c t\u1ed1t h\u01a1n v\u1ec1 b\u1ea3n th\u00e2n. V\u1edbi c\u1ea7u \u0111\u00e0n m\u1edbi l\u00e0m b\u1eb1ng g\u1ed7 tr\u1eafc nhi\u1ec7t, tr\u1ecdng l\u01b0\u1ee3ng nh\u1eb9 h\u01a1n \u0111\u00e1ng k\u1ec3 v\u00e0 \u0111\u1ed9 gi\u1ea3m ch\u1ea5n \u00edt h\u01a1n so v\u1edbi c\u1ea7u \u0111\u00e0n b\u1eb1ng g\u1ed7 c\u1ea9m lai. Tay v\u1ecbn \u0111\u1ea3m b\u1ea3o ch\u01a1i tho\u1ea3i m\u00e1i.<\/p>\n<p>S\u1ef1 k\u1ebft h\u1ee3p n\u00e0y khi\u1ebfn NEW CENTURY DTL tr\u1edf th\u00e0nh nh\u1ea1c c\u1ee5 c\u1ef1c k\u1ef3 t\u1ed1t v\u1ec1 m\u1eb7t gi\u00e1 c\u1ea3\/hi\u1ec7u su\u1ea5t trong c\u1ea5u tr\u00fac guitar c\u1ed5 \u0111i\u1ec3n hi\u1ec7n \u0111\u1ea1i, cao c\u1ea5p.<\/p>","protected":false},"excerpt":{"rendered":"<p>S\u1ef1 k\u1ebft h\u1ee3p gi\u1eefa m\u1eb7t \u0111\u00e0n \u0111\u00f4i (c\u1ea5u tr\u00fac sandwich v\u1edbi g\u1ed7 tuy\u1ebft t\u00f9ng\/nomex\/carbon) v\u00e0 thanh gi\u1eb1ng d\u1ea1ng l\u01b0\u1edbi l\u00e0m b\u1eb1ng g\u1ed7 v\u00e2n sam mang l\u1ea1i m\u1ed9t ch\u00fat \u0111\u1ed9ng l\u1ef1c v\u00e0 s\u1ef1 c\u00e2n b\u1eb1ng. C\u1ea5u tr\u00fac m\u1eb7t \u0111\u00e0n ph\u1eb3ng c\u00f9ng v\u1edbi g\u00f3c k\u00edch th\u00edch d\u1ed1c h\u01a1n, do &#8220;m\u1eb7t c\u1ea7n \u0111\u00e0n n\u00e2ng cao&#8221;, c\u0169ng h\u1ed7 tr\u1ee3&#8230;<\/p>","protected":false},"featured_media":5574,"template":"","meta":[],"product_cat":[20,26,213],"product_tag":[],"class_list":["post-5573","product","type-product","status-publish","has-post-thumbnail","hentry","product_cat-dan-guitar","product_cat-hanika-guitar","product_cat-dan-cao-cap"],"_links":{"self":[{"href":"https:\/\/emotionguitars.com\/en\/wp-json\/wp\/v2\/product\/5573","targetHints":{"allow":["GET"]}}],"collection":[{"href":"https:\/\/emotionguitars.com\/en\/wp-json\/wp\/v2\/product"}],"about":[{"href":"https:\/\/emotionguitars.com\/en\/wp-json\/wp\/v2\/types\/product"}],"wp:featuredmedia":[{"embeddable":true,"href":"https:\/\/emotionguitars.com\/en\/wp-json\/wp\/v2\/media\/5574"}],"wp:attachment":[{"href":"https:\/\/emotionguitars.com\/en\/wp-json\/wp\/v2\/media?parent=5573"}],"wp:term":[{"taxonomy":"product_cat","embeddable":true,"href":"https:\/\/emotionguitars.com\/en\/wp-json\/wp\/v2\/product_cat?post=5573"},{"taxonomy":"product_tag","embeddable":true,"href":"https:\/\/emotionguitars.com\/en\/wp-json\/wp\/v2\/product_tag?post=5573"}],"curies":[{"name":"wp","href":"https:\/\/api.w.org\/{rel}","templated":true}]}}