{"id":5582,"date":"2025-05-06T21:54:00","date_gmt":"2025-05-06T14:54:00","guid":{"rendered":"https:\/\/emotionguitars.com\/?post_type=product&#038;p=5582"},"modified":"2025-05-06T21:54:00","modified_gmt":"2025-05-06T14:54:00","slug":"hanika-torres-he-custom-brand-new","status":"publish","type":"product","link":"https:\/\/emotionguitars.com\/en\/product\/hanika-torres-he-custom-brand-new\/","title":{"rendered":"Hanika Torres HE Custom (brand new)"},"content":{"rendered":"<p>C\u00e2y \u0111\u00e0n \u0111\u01b0\u1ee3c l\u00e0m theo h\u1ec7 nam qu\u1ea1t truy\u1ec1n th\u1ed1ng v\u1edbi nhi\u1ec1u c\u1ea3i ti\u1ebfn m\u1edbi t\u1eeb Hanika. \u0110i\u1ec3m m\u1ea1nh c\u1ee7a guitar Hanika l\u00e0 s\u1ef1 c\u00e2n b\u1eb1ng v\u00e0 r\u00f5 n\u00e9t cho \u0111\u1ebfn t\u1eadn ph\u00edm cu\u1ed1i c\u00f9ng.<br \/>\n\u0110\u1ed1i v\u1edbi Torres HE, c\u00e2y \u0111\u00e0n c\u00f3 ngo\u00e0i h\u00ecnh sang tr\u1ecdng v\u00e0 \u00e2m thanh tinh t\u1ebf, s\u00e2u th\u1eb3m.<br \/>\nEmotion guitar \u0111\u00e3 order theo ki\u1ec3u custom c\u00e2y \u0111\u00e0n n\u00e0y v\u1edbi Top Spruce 5A v\u00e0 L\u01b0ng h\u00f4ng Ziricote c\u00f3 cites.<br \/>\nC\u00e2y \u0111\u00e0n \u0111\u01b0\u1ee3c k\u00e8m theo case Bam r\u1ea5t cao c\u1ea5p c\u1ee7a Ph\u00e1p.<\/p>","protected":false},"excerpt":{"rendered":"<p>C\u00e2y \u0111\u00e0n \u0111\u01b0\u1ee3c l\u00e0m theo h\u1ec7 nam qu\u1ea1t truy\u1ec1n th\u1ed1ng v\u1edbi nhi\u1ec1u c\u1ea3i ti\u1ebfn m\u1edbi t\u1eeb Hanika. \u0110i\u1ec3m m\u1ea1nh c\u1ee7a guitar Hanika l\u00e0 s\u1ef1 c\u00e2n b\u1eb1ng v\u00e0 r\u00f5 n\u00e9t cho \u0111\u1ebfn t\u1eadn ph\u00edm cu\u1ed1i c\u00f9ng. \u0110\u1ed1i v\u1edbi Torres HE, c\u00e2y \u0111\u00e0n c\u00f3 ngo\u00e0i h\u00ecnh sang tr\u1ecdng v\u00e0 \u00e2m thanh tinh t\u1ebf, s\u00e2u th\u1eb3m. Emotion guitar&#8230;<\/p>","protected":false},"featured_media":5583,"template":"","meta":[],"product_cat":[20,26,213],"product_tag":[],"class_list":["post-5582","product","type-product","status-publish","has-post-thumbnail","hentry","product_cat-dan-guitar","product_cat-hanika-guitar","product_cat-dan-cao-cap"],"_links":{"self":[{"href":"https:\/\/emotionguitars.com\/en\/wp-json\/wp\/v2\/product\/5582","targetHints":{"allow":["GET"]}}],"collection":[{"href":"https:\/\/emotionguitars.com\/en\/wp-json\/wp\/v2\/product"}],"about":[{"href":"https:\/\/emotionguitars.com\/en\/wp-json\/wp\/v2\/types\/product"}],"wp:featuredmedia":[{"embeddable":true,"href":"https:\/\/emotionguitars.com\/en\/wp-json\/wp\/v2\/media\/5583"}],"wp:attachment":[{"href":"https:\/\/emotionguitars.com\/en\/wp-json\/wp\/v2\/media?parent=5582"}],"wp:term":[{"taxonomy":"product_cat","embeddable":true,"href":"https:\/\/emotionguitars.com\/en\/wp-json\/wp\/v2\/product_cat?post=5582"},{"taxonomy":"product_tag","embeddable":true,"href":"https:\/\/emotionguitars.com\/en\/wp-json\/wp\/v2\/product_tag?post=5582"}],"curies":[{"name":"wp","href":"https:\/\/api.w.org\/{rel}","templated":true}]}}